{"id":163,"date":"2020-04-28T13:32:47","date_gmt":"2020-04-28T13:32:47","guid":{"rendered":"https:\/\/menstrubation.womanizer.com\/privacy\/"},"modified":"2021-03-17T09:49:52","modified_gmt":"2021-03-17T09:49:52","slug":"datenschutz","status":"publish","type":"page","link":"https:\/\/menstrubation.com\/de\/datenschutz\/","title":{"rendered":"Datenschutz"},"content":{"rendered":"\t\t<div data-elementor-type=\"wp-page\" data-elementor-id=\"163\" class=\"elementor elementor-163 elementor-124\">\n\t\t\t\t\t\t<div class=\"elementor-inner\">\n\t\t\t\t<div class=\"elementor-section-wrap\">\n\t\t\t\t\t\t\t\t\t<section class=\"elementor-section elementor-top-section elementor-element elementor-element-b26b69a elementor-section-content-middle elementor-reverse-mobile elementor-section-boxed elementor-section-height-default elementor-section-height-default\" data-id=\"b26b69a\" data-element_type=\"section\">\n\t\t\t\t\t\t<div class=\"elementor-container elementor-column-gap-no\">\n\t\t\t\t\t\t\t<div class=\"elementor-row\">\n\t\t\t\t\t<div class=\"elementor-column elementor-col-100 elementor-top-column elementor-element elementor-element-37aaf06\" data-id=\"37aaf06\" data-element_type=\"column\">\n\t\t\t<div class=\"elementor-column-wrap elementor-element-populated\">\n\t\t\t\t\t\t\t<div class=\"elementor-widget-wrap\">\n\t\t\t\t\t\t<div class=\"elementor-element elementor-element-c07facd elementor-widget elementor-widget-heading\" data-id=\"c07facd\" data-element_type=\"widget\" data-widget_type=\"heading.default\">\n\t\t\t\t<div class=\"elementor-widget-container\">\n\t\t\t<h1 class=\"elementor-heading-title elementor-size-default\">Datenschutz<\/h1>\t\t<\/div>\n\t\t\t\t<\/div>\n\t\t\t\t<div class=\"elementor-element elementor-element-d480019 elementor-widget elementor-widget-text-editor\" data-id=\"d480019\" data-element_type=\"widget\" data-widget_type=\"text-editor.default\">\n\t\t\t\t<div class=\"elementor-widget-container\">\n\t\t\t\t\t\t\t\t<div class=\"elementor-text-editor elementor-clearfix\">\n\t\t\t\t<p><strong>Datenschutzhinweise nach Art. 13 DSGVO<\/strong><\/p><p>Im Folgenden informieren wir Sie \u00fcber die Verarbeitung personenbezogener Daten bei Aufnahme in die Testerinnen-Kartei und die Behandlung der Daten aus den Frageb\u00f6gen. Unter personenbezogenen Daten sind dabei solche Informationen zu verstehen, die sich auf eine identifizierte oder identifizierbare nat\u00fcrliche Person beziehen, also z. B. Name, Adresse, E-Mail-Adressen, Zahlungsdaten (im Folgenden:\u00a0<strong>\u201eDaten\u201c<\/strong>)<\/p><p>\u00a0<\/p><p><br \/><strong>1. Name und Kontaktdaten des Verantwortlichen<\/strong><\/p><p>Verantwortlicher gem\u00e4\u00df Art. 4 Abs. 7 DS-GVO ist die<\/p><p>WOW Tech Europe GmbH, vertreten durch ihre Gesch\u00e4ftsf\u00fchrer Herrn Johannes Graf von Plettenberg und Herrn Florian Holst,<\/p><p>Friedenstra\u00dfe 91a, 10249 Berlin.<\/p><p>Die Kontaktdaten unseres Datenschutzbeauftragten sind:<\/p><p>datenschutz nord GmbH, Konsul-Smidt-Stra\u00dfe 88, 28217 Bremen<\/p><p>Sie erreichen unseren Datenschutzbeauftragten unter datenschutz@wowtech.com oder unter unserer postalischen Adresse (Stichwort: \u201ez. Hd. Datenschutzbeauftragter\u201c).<\/p><p>\u00a0<\/p><p><br \/><strong>2. Art der Daten, Zweck und Rechtsgrundlage der Verarbeitung<\/strong><\/p><p>2.1 Ihre personenbezogenen Daten werden von uns verarbeitet, soweit es erforderlich ist, um den Registrierungsvorgang durchzuf\u00fchren, Testerinnen auszuw\u00e4hlen, Sie gegebenenfalls einer bestimmten Gruppe von Testerinnen zuzuordnen, die vertraglichen Leistungen zu erbringen und um unsere Produkte zu verbessern und zu entwickeln. Dabei handelt es sich um folgende Daten:<\/p><p>a) Name, E-Mail-Adresse, Adresse, Beruf, Geburtsdatum, Telefonnummer, Schulabschluss, Familienstand und<\/p><p>b) bestimmte Angaben \u00fcber ethnische Herkunft, Gesundheitsdaten und, die sexuelle Orientierung und das Sexualleben. Erprobung des Produkts entsprechend den Vorgaben der Gebrauchsanleitung.<\/p><p>Die genannten Daten werden in der Regel bei Vertragsschluss und eventuell im Rahmen der Beantwortung der Frageb\u00f6gen erneut erhoben.<\/p><p>2.2 Die Erhebung des Geburtsdatums erfolgt auch um eine Alterspr\u00fcfung durchzuf\u00fchren, da die Erotik-Lifestyle Artikel nur f\u00fcr vollj\u00e4hrige Personen bestimmt sind.<\/p><p>2.3 Die unter Ziffer 2.1b) genannten Daten werden direkt nach ihrer Erhebung von uns pseudonymisiert. Dies geschieht derart, dass Ihnen eine Nummer zugewiesen wird, unter der Ihre Daten gespeichert werden. Den f\u00fcr die Zuordnung der Daten zu Ihrer Person erforderlichen Schl\u00fcssel bewahren wir gesondert auf, so dass die mit der Verarbeitung Ihrer Daten besch\u00e4ftigten MitarbeiterInnen von WOW Tech grunds\u00e4tzlich keinen Zugriff darauf haben.<\/p><p>2.4 Die Verarbeitung Ihrer Daten erfolgt auf Grundlage einer von Ihnen gesondert erteilten Einwilligung in die Verarbeitung Ihrer Daten (Art. 6 Abs. 1 S. 1 lit. a und Art. 9 Abs. 2 lit. a. DS-GVO) und zum Zwecke der Erf\u00fcllung dieser Vereinbarung (Art. 6 Abs. 1 S. 1 lit. b DS-GVO). Erteilen Sie Ihre Einwilligung nicht, ist eine Teilnahme am Testerinnen-Programm nicht m\u00f6glich, da Ihre Leistung unter diesem Vertrag gerade auch die Angabe Ihrer o.g. personenbezogenen Daten beinhaltet.<\/p><p>\u00a0<\/p><p><br \/><strong>3. Einschaltung externer Dienstleister, Drittstaatentransfer<\/strong><\/p><p>Eine Weitergabe Ihrer Daten an externe Dienstleister erfolgt nach folgender Ma\u00dfgabe:<\/p><p>3.1 Wir setzen streng weisungsgebundene Dienstleister (sog. Auftragsverarbeiter) zur Erbringung unserer Leistung ein.<\/p><p>3.2 Wenn wir Ihnen Erotik-Lifestyle-Artikel aus unserem Sortiment liefern, geben wir Ihre Daten, soweit diese zur Lieferung ben\u00f6tigt werden (Name, Adresse), an das beauftragte Versandunternehmen weiter.<\/p><p>3.3 Bei der Durchf\u00fchrung Ihrer Befragungen zum Testerlebnis bedienen wir uns QuestionPro GmbH, Friedrichstra\u00dfe 171, 10117 Berlin, Germany. Bei QuestionPro handelt es sich um ein deutsches Unternehmen, das eine Software zur Verf\u00fcgung stellt, mit deren Hilfe Frageb\u00f6gen online ausgef\u00fcllt und ausgewertet werden k\u00f6nnen.<\/p><p>\u00a0<\/p><p><br \/><strong>4. Dauer der Speicherung<\/strong><\/p><p>Wir speichern Ihre personenbezogenen Daten grunds\u00e4tzlich nur f\u00fcr die Dauer dieser Vereinbarung, beziehungsweise bis Sie Ihre Einwilligung widerrufen. Wird diese Vereinbarung gek\u00fcndigt oder die Einwilligung widerrufen, l\u00f6schen wir Ihre Daten unverz\u00fcglich, es sei denn, dass wir nach Artikel 6 Abs. 1 S. 1 lit. c DS-GVO aufgrund von steuer- und handelsrechtlicher oder anderer gesetzlicher Aufbewahrungs- und Dokumentationspflichten zu einer l\u00e4ngeren Speicherung verpflichtet sind. Die von Ihnen im Rahmen von Testings gegebenen Antworten werden, soweit noch nicht erfolgt, anonymisiert.<\/p><p>\u00a0<\/p><p><br \/><strong>5. Ihre Rechte<\/strong><\/p><p>5.1 Sie k\u00f6nnen Ihre Einwilligung jederzeit widerrufen (Art. 7 Abs. 3 DS-GVO). Die Rechtm\u00e4\u00dfigkeit der bis zum Widerruf Ihrer Einwilligung erfolgten Datenverarbeitung bleibt vom Widerruf unber\u00fchrt. Ohne Ihre Einwilligung ist die Verarbeitung Ihrer personenbezogenen Daten, soweit diese besondere Kategorien betreffen (Angaben zur ethnischen Herkunft und zum Sexualleben), ausgeschlossen. Eine Verarbeitung Ihrer \u00fcbrigen personenbezogenen Daten auf gesetzlicher Grundlage wird dadurch nicht ausgeschlossen.<\/p><p>5.2 Sie haben das Recht, von uns jederzeit \u00fcber die zu Ihnen bei uns gespeicherten personenbezogenen Daten (Art. 15 DS-GVO) Auskunft zu verlangen. Dies betrifft auch die Empf\u00e4nger oder Kategorien von Empf\u00e4ngern, an die diese Daten weitergegeben werden und den Zweck der Speicherung. Zudem haben Sie das Recht, unter den Voraussetzungen des Art. 16 DS-GVO die Berichtigung und\/oder unter den Voraussetzungen des Art. 17 DS-GVO die L\u00f6schung und\/oder unter den Voraussetzungen des Art. 18 DS-GVO die Einschr\u00e4nkung der Verarbeitung zu verlangen. Ferner k\u00f6nnen Sie unter den Voraussetzungen des Art. 20 DS-GVO jederzeit eine Daten\u00fcbertragung verlangen. Ferner haben Sie die M\u00f6glichkeit, sich bei der zust\u00e4ndigen Aufsichtsbeh\u00f6rde \u00fcber datenschutzrechtliche Sachverhalte zu beschweren.<\/p><p>5.3 Alle Informationsw\u00fcnsche, Auskunftsanfragen oder Widerrufe richten Sie bitte per E-Mail an unseren Datenschutzbeauftragten unter datenschutz@wowtech.com oder an die oben genannte Adresse.<\/p>\t\t\t\t\t<\/div>\n\t\t\t\t\t\t<\/div>\n\t\t\t\t<\/div>\n\t\t\t\t\t\t<\/div>\n\t\t\t\t\t<\/div>\n\t\t<\/div>\n\t\t\t\t\t\t\t\t<\/div>\n\t\t\t\t\t<\/div>\n\t\t<\/section>\n\t\t\t\t\t\t\t\t\t<\/div>\n\t\t\t<\/div>\n\t\t\t\t\t<\/div>\n\t\t","protected":false},"excerpt":{"rendered":"<p>Datenschutz Datenschutzhinweise nach Art. 13 DSGVO Im Folgenden informieren wir Sie \u00fcber die Verarbeitung personenbezogener Daten bei Aufnahme in die Testerinnen-Kartei und die Behandlung der Daten aus den Frageb\u00f6gen. Unter personenbezogenen Daten sind dabei solche Informationen zu verstehen, die sich auf eine identifizierte oder identifizierbare nat\u00fcrliche Person beziehen, also z. B. Name, Adresse, E-Mail-Adressen, Zahlungsdaten [&hellip;]<\/p>\n","protected":false},"author":1,"featured_media":0,"parent":0,"menu_order":0,"comment_status":"closed","ping_status":"closed","template":"","meta":[],"yoast_head":"<!-- This site is optimized with the Yoast SEO plugin v19.10 - https:\/\/yoast.com\/wordpress\/plugins\/seo\/ -->\n<title>Datenschutzerkl\u00e4rung | Menstrubation<\/title>\n<meta name=\"description\" content=\"Hier finden Sie alles zum Thema Datenschutz und Datenverarbeitung bei Menstrubation.\" \/>\n<meta name=\"robots\" content=\"index, follow, max-snippet:-1, max-image-preview:large, max-video-preview:-1\" \/>\n<link rel=\"canonical\" href=\"https:\/\/menstrubation.com\/de\/datenschutz\/\" \/>\n<meta property=\"og:locale\" content=\"de_DE\" \/>\n<meta property=\"og:type\" content=\"article\" \/>\n<meta property=\"og:title\" content=\"Datenschutzerkl\u00e4rung | Menstrubation\" \/>\n<meta property=\"og:description\" content=\"Hier finden Sie alles zum Thema Datenschutz und Datenverarbeitung bei Menstrubation.\" \/>\n<meta property=\"og:url\" content=\"https:\/\/menstrubation.com\/de\/datenschutz\/\" \/>\n<meta property=\"og:site_name\" content=\"#menstrubation\" \/>\n<meta property=\"article:modified_time\" content=\"2021-03-17T09:49:52+00:00\" \/>\n<meta name=\"twitter:card\" content=\"summary_large_image\" \/>\n<meta name=\"twitter:label1\" content=\"Gesch\u00e4tzte Lesezeit\" \/>\n\t<meta name=\"twitter:data1\" content=\"4\u00a0Minuten\" \/>\n<script type=\"application\/ld+json\" class=\"yoast-schema-graph\">{\"@context\":\"https:\/\/schema.org\",\"@graph\":[{\"@type\":\"WebPage\",\"@id\":\"https:\/\/menstrubation.com\/de\/datenschutz\/\",\"url\":\"https:\/\/menstrubation.com\/de\/datenschutz\/\",\"name\":\"Datenschutzerkl\u00e4rung | Menstrubation\",\"isPartOf\":{\"@id\":\"https:\/\/menstrubation.com\/#website\"},\"datePublished\":\"2020-04-28T13:32:47+00:00\",\"dateModified\":\"2021-03-17T09:49:52+00:00\",\"description\":\"Hier finden Sie alles zum Thema Datenschutz und Datenverarbeitung bei Menstrubation.\",\"breadcrumb\":{\"@id\":\"https:\/\/menstrubation.com\/de\/datenschutz\/#breadcrumb\"},\"inLanguage\":\"de\",\"potentialAction\":[{\"@type\":\"ReadAction\",\"target\":[\"https:\/\/menstrubation.com\/de\/datenschutz\/\"]}]},{\"@type\":\"BreadcrumbList\",\"@id\":\"https:\/\/menstrubation.com\/de\/datenschutz\/#breadcrumb\",\"itemListElement\":[{\"@type\":\"ListItem\",\"position\":1,\"name\":\"Home\",\"item\":\"https:\/\/menstrubation.com\/\"},{\"@type\":\"ListItem\",\"position\":2,\"name\":\"Datenschutz\"}]},{\"@type\":\"WebSite\",\"@id\":\"https:\/\/menstrubation.com\/#website\",\"url\":\"https:\/\/menstrubation.com\/\",\"name\":\"#menstrubation\",\"description\":\"\",\"potentialAction\":[{\"@type\":\"SearchAction\",\"target\":{\"@type\":\"EntryPoint\",\"urlTemplate\":\"https:\/\/menstrubation.com\/?s={search_term_string}\"},\"query-input\":\"required name=search_term_string\"}],\"inLanguage\":\"de\"}]}<\/script>\n<!-- \/ Yoast SEO plugin. -->","yoast_head_json":{"title":"Datenschutzerkl\u00e4rung | Menstrubation","description":"Hier finden Sie alles zum Thema Datenschutz und Datenverarbeitung bei Menstrubation.","robots":{"index":"index","follow":"follow","max-snippet":"max-snippet:-1","max-image-preview":"max-image-preview:large","max-video-preview":"max-video-preview:-1"},"canonical":"https:\/\/menstrubation.com\/de\/datenschutz\/","og_locale":"de_DE","og_type":"article","og_title":"Datenschutzerkl\u00e4rung | Menstrubation","og_description":"Hier finden Sie alles zum Thema Datenschutz und Datenverarbeitung bei Menstrubation.","og_url":"https:\/\/menstrubation.com\/de\/datenschutz\/","og_site_name":"#menstrubation","article_modified_time":"2021-03-17T09:49:52+00:00","twitter_card":"summary_large_image","twitter_misc":{"Gesch\u00e4tzte Lesezeit":"4\u00a0Minuten"},"schema":{"@context":"https:\/\/schema.org","@graph":[{"@type":"WebPage","@id":"https:\/\/menstrubation.com\/de\/datenschutz\/","url":"https:\/\/menstrubation.com\/de\/datenschutz\/","name":"Datenschutzerkl\u00e4rung | Menstrubation","isPartOf":{"@id":"https:\/\/menstrubation.com\/#website"},"datePublished":"2020-04-28T13:32:47+00:00","dateModified":"2021-03-17T09:49:52+00:00","description":"Hier finden Sie alles zum Thema Datenschutz und Datenverarbeitung bei Menstrubation.","breadcrumb":{"@id":"https:\/\/menstrubation.com\/de\/datenschutz\/#breadcrumb"},"inLanguage":"de","potentialAction":[{"@type":"ReadAction","target":["https:\/\/menstrubation.com\/de\/datenschutz\/"]}]},{"@type":"BreadcrumbList","@id":"https:\/\/menstrubation.com\/de\/datenschutz\/#breadcrumb","itemListElement":[{"@type":"ListItem","position":1,"name":"Home","item":"https:\/\/menstrubation.com\/"},{"@type":"ListItem","position":2,"name":"Datenschutz"}]},{"@type":"WebSite","@id":"https:\/\/menstrubation.com\/#website","url":"https:\/\/menstrubation.com\/","name":"#menstrubation","description":"","potentialAction":[{"@type":"SearchAction","target":{"@type":"EntryPoint","urlTemplate":"https:\/\/menstrubation.com\/?s={search_term_string}"},"query-input":"required name=search_term_string"}],"inLanguage":"de"}]}},"_links":{"self":[{"href":"https:\/\/menstrubation.com\/de\/wp-json\/wp\/v2\/pages\/163"}],"collection":[{"href":"https:\/\/menstrubation.com\/de\/wp-json\/wp\/v2\/pages"}],"about":[{"href":"https:\/\/menstrubation.com\/de\/wp-json\/wp\/v2\/types\/page"}],"author":[{"embeddable":true,"href":"https:\/\/menstrubation.com\/de\/wp-json\/wp\/v2\/users\/1"}],"replies":[{"embeddable":true,"href":"https:\/\/menstrubation.com\/de\/wp-json\/wp\/v2\/comments?post=163"}],"version-history":[{"count":5,"href":"https:\/\/menstrubation.com\/de\/wp-json\/wp\/v2\/pages\/163\/revisions"}],"predecessor-version":[{"id":1716,"href":"https:\/\/menstrubation.com\/de\/wp-json\/wp\/v2\/pages\/163\/revisions\/1716"}],"wp:attachment":[{"href":"https:\/\/menstrubation.com\/de\/wp-json\/wp\/v2\/media?parent=163"}],"curies":[{"name":"wp","href":"https:\/\/api.w.org\/{rel}","templated":true}]}}